{"id":122,"date":"2019-01-01T16:13:21","date_gmt":"2019-01-01T15:13:21","guid":{"rendered":"http:\/\/www.blue-pearl-boat.com\/?page_id=122"},"modified":"2019-01-01T16:16:51","modified_gmt":"2019-01-01T15:16:51","slug":"tarifs","status":"publish","type":"page","link":"https:\/\/www.blue-pearl-boat.com\/index.php\/tarifs\/","title":{"rendered":"Tarifs"},"content":{"rendered":"<h1>Tarifs indicatifs<\/h1>\n<p>&nbsp;<\/p>\n<p>Blue Pearl pr\u00eat \u00e0 naviguer\u00a0\u00a0\u00a0\u00a0\u00a0\u00a0\u00a0\u00a0\u00a0\u00a0\u00a0\u00a0\u00a0\u00a0\u00a0\u00a0\u00a0\u00a0\u00a0\u00a0\u00a0\u00a0\u00a0\u00a0\u00a0\u00a0\u00a0\u00a0\u00a0\u00a0\u00a0\u00a0\u00a0\u00a0\u00a0\u00a0\u00a0\u00a0\u00a0\u00a0\u00a0\u00a0 108\u00a0000,00\u20ac TTC<\/p>\n<p>Incluant\u00a0:<\/p>\n<p>Bateau fini, 12 couches de verni, \u00e9lectricit\u00e9, plomberie, int\u00e9rieur sellerie su\u00e9dine et ext\u00e9rieur ska\u00ef a d\u00e9finir dans nuanciers fournis.<\/p>\n<p>Peinture de coque classique \u00e0 choisir sur nuancier.<\/p>\n<p>Moteur Toorqeedo 10R + 4 batteries + 2 chargeurs rapides.<\/p>\n<p>Ne sont pas inclus\u00a0; la remorque et le taud de route.<\/p>\n<p>Peinture coque luxe +900\u20ac<\/p>\n<p>Toutes modifications des am\u00e9nagements ou des mat\u00e9riaux propos\u00e9s feront l\u2019objet de devis s\u00e9par\u00e9s.<\/p>\n<p>Lors de la livraison \u00e0 Quiberon 4 heures d\u2019essais en mer seront offertes.<\/p>\n<p>Ce tarif est indicatif et peut \u00eatre modifi\u00e9 \u00e0 tout moment seul un devis pr\u00e9cis sign\u00e9 peut engager la soci\u00e9t\u00e9 Blue Pearl Boat<\/p>\n<p>&nbsp;<\/p>\n<p><img loading=\"lazy\" class=\"size-medium wp-image-126 aligncenter\" src=\"http:\/\/www.blue-pearl-boat.com\/wp-content\/uploads\/2019\/01\/IMG_3674-300x236.jpeg\" alt=\"\" width=\"300\" height=\"236\" srcset=\"https:\/\/www.blue-pearl-boat.com\/wp-content\/uploads\/2019\/01\/IMG_3674-300x236.jpeg 300w, https:\/\/www.blue-pearl-boat.com\/wp-content\/uploads\/2019\/01\/IMG_3674-768x604.jpeg 768w, https:\/\/www.blue-pearl-boat.com\/wp-content\/uploads\/2019\/01\/IMG_3674-1024x805.jpeg 1024w\" sizes=\"(max-width: 300px) 100vw, 300px\" \/><\/p>\n<p>&nbsp;<\/p>\n","protected":false},"excerpt":{"rendered":"<p>Tarifs indicatifs &nbsp; Blue Pearl pr\u00eat \u00e0 naviguer\u00a0\u00a0\u00a0\u00a0\u00a0\u00a0\u00a0\u00a0\u00a0\u00a0\u00a0\u00a0\u00a0\u00a0\u00a0\u00a0\u00a0\u00a0\u00a0\u00a0\u00a0\u00a0\u00a0\u00a0\u00a0\u00a0\u00a0\u00a0\u00a0\u00a0\u00a0\u00a0\u00a0\u00a0\u00a0\u00a0\u00a0\u00a0\u00a0\u00a0\u00a0\u00a0 108\u00a0000,00\u20ac TTC Incluant\u00a0: Bateau fini, 12 couches de verni, \u00e9lectricit\u00e9, plomberie, int\u00e9rieur sellerie su\u00e9dine et ext\u00e9rieur ska\u00ef a d\u00e9finir dans nuanciers fournis. Peinture de coque classique \u00e0 choisir sur nuancier. Moteur Toorqeedo 10R + 4 batteries + 2 chargeurs rapides. Ne sont pas inclus\u00a0; la remorque et &hellip; <\/p>\n<p class=\"link-more\"><a href=\"https:\/\/www.blue-pearl-boat.com\/index.php\/tarifs\/\" class=\"more-link\">Continue reading<span class=\"screen-reader-text\"> &#8220;Tarifs&#8221;<\/span><\/a><\/p>\n","protected":false},"author":1,"featured_media":0,"parent":0,"menu_order":0,"comment_status":"closed","ping_status":"closed","template":"","meta":[],"_links":{"self":[{"href":"https:\/\/www.blue-pearl-boat.com\/index.php\/wp-json\/wp\/v2\/pages\/122"}],"collection":[{"href":"https:\/\/www.blue-pearl-boat.com\/index.php\/wp-json\/wp\/v2\/pages"}],"about":[{"href":"https:\/\/www.blue-pearl-boat.com\/index.php\/wp-json\/wp\/v2\/types\/page"}],"author":[{"embeddable":true,"href":"https:\/\/www.blue-pearl-boat.com\/index.php\/wp-json\/wp\/v2\/users\/1"}],"replies":[{"embeddable":true,"href":"https:\/\/www.blue-pearl-boat.com\/index.php\/wp-json\/wp\/v2\/comments?post=122"}],"version-history":[{"count":4,"href":"https:\/\/www.blue-pearl-boat.com\/index.php\/wp-json\/wp\/v2\/pages\/122\/revisions"}],"predecessor-version":[{"id":128,"href":"https:\/\/www.blue-pearl-boat.com\/index.php\/wp-json\/wp\/v2\/pages\/122\/revisions\/128"}],"wp:attachment":[{"href":"https:\/\/www.blue-pearl-boat.com\/index.php\/wp-json\/wp\/v2\/media?parent=122"}],"curies":[{"name":"wp","href":"https:\/\/api.w.org\/{rel}","templated":true}]}}